{"id":7477,"date":"2023-04-02T11:05:21","date_gmt":"2023-04-02T11:05:21","guid":{"rendered":"https:\/\/novoglas.com\/matieres-plastiques\/"},"modified":"2023-07-16T12:56:44","modified_gmt":"2023-07-16T12:56:44","slug":"matieres-plastiques","status":"publish","type":"page","link":"https:\/\/novoglas.com\/fr\/matieres-plastiques\/","title":{"rendered":"Mati\u00e8res plastiques"},"content":{"rendered":"\t\t<div data-elementor-type=\"wp-page\" data-elementor-id=\"7477\" class=\"elementor elementor-7477 elementor-6313\" data-elementor-post-type=\"page\">\n\t\t\t\t\t\t<section class=\"elementor-section elementor-top-section elementor-element elementor-element-23b81b69 elementor-section-content-middle elementor-section-boxed elementor-section-height-default elementor-section-height-default\" data-id=\"23b81b69\" data-element_type=\"section\" id=\"portraet\">\n\t\t\t\t\t\t<div class=\"elementor-container elementor-column-gap-wider\">\n\t\t\t\t\t<div class=\"elementor-column elementor-col-50 elementor-top-column elementor-element elementor-element-5a4e5e03\" data-id=\"5a4e5e03\" data-element_type=\"column\">\n\t\t\t<div class=\"elementor-widget-wrap elementor-element-populated\">\n\t\t\t\t\t\t<div class=\"elementor-element elementor-element-6c1f63b1 elementor-widget elementor-widget-heading\" data-id=\"6c1f63b1\" data-element_type=\"widget\" data-widget_type=\"heading.default\">\n\t\t\t\t<div class=\"elementor-widget-container\">\n\t\t\t\t\t<h3 class=\"elementor-heading-title elementor-size-default\">Couleurs et conseils<\/h3>\t\t\t\t<\/div>\n\t\t\t\t<\/div>\n\t\t\t\t\t<\/div>\n\t\t<\/div>\n\t\t\t\t<div class=\"elementor-column elementor-col-50 elementor-top-column elementor-element elementor-element-25495bea\" data-id=\"25495bea\" data-element_type=\"column\">\n\t\t\t<div class=\"elementor-widget-wrap elementor-element-populated\">\n\t\t\t\t\t\t<div class=\"elementor-element elementor-element-1481976a elementor-widget__width-auto elementor-widget elementor-widget-heading\" data-id=\"1481976a\" data-element_type=\"widget\" data-widget_type=\"heading.default\">\n\t\t\t\t<div class=\"elementor-widget-container\">\n\t\t\t\t\t<h3 class=\"elementor-heading-title elementor-size-default\">Vous trouverez ici tout ce qu'il faut savoir sur nos mati\u00e8res plastiques.<\/h3>\t\t\t\t<\/div>\n\t\t\t\t<\/div>\n\t\t\t\t\t<\/div>\n\t\t<\/div>\n\t\t\t\t\t<\/div>\n\t\t<\/section>\n\t\t\t\t<section class=\"elementor-section elementor-top-section elementor-element elementor-element-107be4d3 elementor-section-boxed elementor-section-height-default elementor-section-height-default\" data-id=\"107be4d3\" data-element_type=\"section\">\n\t\t\t\t\t\t<div class=\"elementor-container elementor-column-gap-default\">\n\t\t\t\t\t<div class=\"elementor-column elementor-col-100 elementor-top-column elementor-element elementor-element-7409e71c\" data-id=\"7409e71c\" data-element_type=\"column\">\n\t\t\t<div class=\"elementor-widget-wrap elementor-element-populated\">\n\t\t\t\t\t\t<div class=\"elementor-element elementor-element-c39d16c content-align-left icon-box-vertical-align-top icon-vertical-align-start elementor-widget elementor-widget-the7_image_box_grid_widget\" data-id=\"c39d16c\" data-element_type=\"widget\" data-widget_type=\"the7_image_box_grid_widget.default\">\n\t\t\t\t<div class=\"elementor-widget-container\">\n\t\t\t\t\t<div class=\"the7-box-grid-wrapper the7-elementor-widget loading-effect-none the7_image_box_grid_widget-c39d16c\">\t\t\t<div class=\"dt-css-grid\">\n\t\t\t\t\t\t\t\t\t<div class=\"wf-cell shown\">\n\t\t\t\t\t\t<div class=\"the7-image-box-wrapper the7-box-wrapper the7-elementor-widget\">\t\t\t\t\t\t\t<div class=\"box-content-wrapper\">\n\n\t\t\t\t\t\t\t\t\t\t\t\t\t\t\t\t\t<div class=\"elementor-image-div \">\n\t\t\t\t\t\t\t\t\t\t<a class=\"post-thumbnail-rollover layzr-bg img-css-resize-wrapper\" href=\"https:\/\/novoglas.com\/fr\/conseils-dentretien\/\"><img fetchpriority=\"high\" decoding=\"async\" width=\"1500\" height=\"1000\" src=\"data:image\/svg+xml,%3Csvg%20xmlns%3D&#039;http%3A%2F%2Fwww.w3.org%2F2000%2Fsvg&#039;%20viewBox%3D&#039;0%200%201500%201000&#039;%2F%3E\" class=\"attachment-full size-full preload-me aspect lazy lazy-load\" alt=\"\" sizes=\"(max-width: 1500px) 100vw, 1500px\" style=\"--ratio: 1500 \/ 1000;\" data-src=\"https:\/\/novoglas.com\/wp-content\/uploads\/2023\/04\/Novoglas_Pflegetipps-min.jpg\" loading=\"eager\" data-srcset=\"https:\/\/novoglas.com\/wp-content\/uploads\/2023\/04\/Novoglas_Pflegetipps-min.jpg 1500w, https:\/\/novoglas.com\/wp-content\/uploads\/2023\/04\/Novoglas_Pflegetipps-min-300x200.jpg 300w, https:\/\/novoglas.com\/wp-content\/uploads\/2023\/04\/Novoglas_Pflegetipps-min-1024x683.jpg 1024w, https:\/\/novoglas.com\/wp-content\/uploads\/2023\/04\/Novoglas_Pflegetipps-min-768x512.jpg 768w\" \/><span class=\"the7-hover-icon\"><i aria-hidden=\"true\" class=\"fas fa-plus-square\"><\/i><\/span><\/a>\t\t\t\t\t\t\t\t\t<\/div>\n\t\t\t\t\t\t\t\t\t\t\t\t\t\t\t\t<div class=\"box-content\">\n\t\t\t\t\t\t\t\t\t<h4 class=\"box-heading\"><a href=\"https:\/\/novoglas.com\/fr\/conseils-dentretien\/\">Conseils d'entretien<\/a><\/h4><div class=\"box-description\">Nos conseils d'entretien et nos produits d'entretien pour les produits en verre acrylique et en plexiglas.<\/div>\t\t\t\t\t\t\t\t<\/div>\n\t\t\t\t\t\t\t<\/div>\n\t\t\t\t\t\t<\/div>\t\t\t\t\t<\/div>\n\t\t\t\t\t\t\t\t\t\t<div class=\"wf-cell shown\">\n\t\t\t\t\t\t<div class=\"the7-image-box-wrapper the7-box-wrapper the7-elementor-widget\">\t\t\t\t\t\t\t<div class=\"box-content-wrapper\">\n\n\t\t\t\t\t\t\t\t\t\t\t\t\t\t\t\t\t<div class=\"elementor-image-div \">\n\t\t\t\t\t\t\t\t\t\t<a class=\"post-thumbnail-rollover layzr-bg img-css-resize-wrapper\" href=\"https:\/\/novoglas.com\/fr\/palette-de-couleurs-plexiglas\/\"><img decoding=\"async\" width=\"400\" height=\"266\" src=\"data:image\/svg+xml,%3Csvg%20xmlns%3D&#039;http%3A%2F%2Fwww.w3.org%2F2000%2Fsvg&#039;%20viewBox%3D&#039;0%200%20400%20266&#039;%2F%3E\" class=\"attachment-full size-full preload-me aspect lazy lazy-load\" alt=\"\" sizes=\"(max-width: 400px) 100vw, 400px\" style=\"--ratio: 400 \/ 266;\" data-src=\"https:\/\/novoglas.com\/wp-content\/uploads\/2023\/04\/plexiglas-gs-blau-5c18.jpg\" loading=\"eager\" data-srcset=\"https:\/\/novoglas.com\/wp-content\/uploads\/2023\/04\/plexiglas-gs-blau-5c18.jpg 400w, https:\/\/novoglas.com\/wp-content\/uploads\/2023\/04\/plexiglas-gs-blau-5c18-300x200.jpg 300w\" \/><span class=\"the7-hover-icon\"><i aria-hidden=\"true\" class=\"fas fa-plus-square\"><\/i><\/span><\/a>\t\t\t\t\t\t\t\t\t<\/div>\n\t\t\t\t\t\t\t\t\t\t\t\t\t\t\t\t<div class=\"box-content\">\n\t\t\t\t\t\t\t\t\t<h4 class=\"box-heading\"><a href=\"https:\/\/novoglas.com\/fr\/palette-de-couleurs-plexiglas\/\">Palette de couleurs plexiglas<\/a><\/h4><div class=\"box-description\">D\u00e9couvrez notre palette de couleurs de plexiglas et choisissez vos couleurs pr\u00e9f\u00e9r\u00e9es.<\/div>\t\t\t\t\t\t\t\t<\/div>\n\t\t\t\t\t\t\t<\/div>\n\t\t\t\t\t\t<\/div>\t\t\t\t\t<\/div>\n\t\t\t\t\t\t\t\t\t\t<div class=\"wf-cell shown\">\n\t\t\t\t\t\t<div class=\"the7-image-box-wrapper the7-box-wrapper the7-elementor-widget\">\t\t\t\t\t\t\t<div class=\"box-content-wrapper\">\n\n\t\t\t\t\t\t\t\t\t\t\t\t\t\t\t\t\t<div class=\"elementor-image-div \">\n\t\t\t\t\t\t\t\t\t\t<a class=\"post-thumbnail-rollover layzr-bg img-css-resize-wrapper\" href=\"https:\/\/novoglas.com\/fr\/semi-produits-et-fiches-techniques\/\"><img decoding=\"async\" width=\"1500\" height=\"1000\" src=\"data:image\/svg+xml,%3Csvg%20xmlns%3D&#039;http%3A%2F%2Fwww.w3.org%2F2000%2Fsvg&#039;%20viewBox%3D&#039;0%200%201500%201000&#039;%2F%3E\" class=\"attachment-full size-full preload-me aspect lazy lazy-load\" alt=\"\" sizes=\"(max-width: 1500px) 100vw, 1500px\" style=\"--ratio: 1500 \/ 1000;\" data-src=\"https:\/\/novoglas.com\/wp-content\/uploads\/2023\/07\/Halbzeug_Datenblaetter-min.jpg\" loading=\"eager\" data-srcset=\"https:\/\/novoglas.com\/wp-content\/uploads\/2023\/07\/Halbzeug_Datenblaetter-min.jpg 1500w, https:\/\/novoglas.com\/wp-content\/uploads\/2023\/07\/Halbzeug_Datenblaetter-min-300x200.jpg 300w, https:\/\/novoglas.com\/wp-content\/uploads\/2023\/07\/Halbzeug_Datenblaetter-min-1024x683.jpg 1024w, https:\/\/novoglas.com\/wp-content\/uploads\/2023\/07\/Halbzeug_Datenblaetter-min-768x512.jpg 768w\" \/><span class=\"the7-hover-icon\"><i aria-hidden=\"true\" class=\"fas fa-plus-square\"><\/i><\/span><\/a>\t\t\t\t\t\t\t\t\t<\/div>\n\t\t\t\t\t\t\t\t\t\t\t\t\t\t\t\t<div class=\"box-content\">\n\t\t\t\t\t\t\t\t\t<h4 class=\"box-heading\"><a href=\"https:\/\/novoglas.com\/fr\/semi-produits-et-fiches-techniques\/\">Mati\u00e8res synth\u00e9tiques et fiches techniques<\/a><\/h4><div class=\"box-description\">Nous avons rassembl\u00e9 pour vous, les principales caract\u00e9ristiques techniques des diff\u00e9rents mat\u00e9riaux plastiques.<\/div>\t\t\t\t\t\t\t\t<\/div>\n\t\t\t\t\t\t\t<\/div>\n\t\t\t\t\t\t<\/div>\t\t\t\t\t<\/div>\n\t\t\t\t\t\t\t\t<\/div>\n\t\t\t<\/div>\t\t\t\t<\/div>\n\t\t\t\t<\/div>\n\t\t\t\t\t<\/div>\n\t\t<\/div>\n\t\t\t\t\t<\/div>\n\t\t<\/section>\n\t\t\t\t<\/div>\n\t\t","protected":false},"excerpt":{"rendered":"<p>Couleurs et conseils Vous trouverez ici tout ce qu&rsquo;il faut savoir sur nos mati\u00e8res plastiques. Conseils d&rsquo;entretien Nos conseils d&rsquo;entretien et nos produits d&rsquo;entretien pour les produits en verre acrylique et en plexiglas. Palette de couleurs plexiglas D\u00e9couvrez notre palette de couleurs de plexiglas et choisissez vos couleurs pr\u00e9f\u00e9r\u00e9es. Mati\u00e8res synth\u00e9tiques et fiches techniques Nous&hellip;<\/p>\n","protected":false},"author":2,"featured_media":0,"parent":0,"menu_order":0,"comment_status":"closed","ping_status":"closed","template":"","meta":{"footnotes":""},"class_list":["post-7477","page","type-page","status-publish","hentry"],"yoast_head":"<!-- This site is optimized with the Yoast SEO plugin v25.1 - https:\/\/yoast.com\/wordpress\/plugins\/seo\/ -->\n<title>Mati\u00e8res plastiques - Novoglas<\/title>\n<meta name=\"description\" content=\"Vous trouverez ici tout ce qu&#039;il faut savoir sur nos mati\u00e8res plastiques.\" \/>\n<meta name=\"robots\" content=\"index, follow, max-snippet:-1, max-image-preview:large, max-video-preview:-1\" \/>\n<link rel=\"canonical\" href=\"https:\/\/novoglas.com\/fr\/matieres-plastiques\/\" \/>\n<meta property=\"og:locale\" content=\"fr_FR\" \/>\n<meta property=\"og:type\" content=\"article\" \/>\n<meta property=\"og:title\" content=\"Mati\u00e8res plastiques - Novoglas\" \/>\n<meta property=\"og:description\" content=\"Vous trouverez ici tout ce qu&#039;il faut savoir sur nos mati\u00e8res plastiques.\" \/>\n<meta property=\"og:url\" content=\"https:\/\/novoglas.com\/fr\/matieres-plastiques\/\" \/>\n<meta property=\"og:site_name\" content=\"Novoglas\" \/>\n<meta property=\"article:publisher\" content=\"https:\/\/www.facebook.com\/novoglas.ag\" \/>\n<meta property=\"article:modified_time\" content=\"2023-07-16T12:56:44+00:00\" \/>\n<meta name=\"twitter:card\" content=\"summary_large_image\" \/>\n<meta name=\"twitter:label1\" content=\"Dur\u00e9e de lecture estim\u00e9e\" \/>\n\t<meta name=\"twitter:data1\" content=\"1 minute\" \/>\n<script type=\"application\/ld+json\" class=\"yoast-schema-graph\">{\"@context\":\"https:\/\/schema.org\",\"@graph\":[{\"@type\":\"WebPage\",\"@id\":\"https:\/\/novoglas.com\/fr\/matieres-plastiques\/\",\"url\":\"https:\/\/novoglas.com\/fr\/matieres-plastiques\/\",\"name\":\"Mati\u00e8res plastiques - Novoglas\",\"isPartOf\":{\"@id\":\"https:\/\/novoglas.com\/#website\"},\"datePublished\":\"2023-04-02T11:05:21+00:00\",\"dateModified\":\"2023-07-16T12:56:44+00:00\",\"description\":\"Vous trouverez ici tout ce qu'il faut savoir sur nos mati\u00e8res plastiques.\",\"breadcrumb\":{\"@id\":\"https:\/\/novoglas.com\/fr\/matieres-plastiques\/#breadcrumb\"},\"inLanguage\":\"fr-FR\",\"potentialAction\":[{\"@type\":\"ReadAction\",\"target\":[\"https:\/\/novoglas.com\/fr\/matieres-plastiques\/\"]}]},{\"@type\":\"BreadcrumbList\",\"@id\":\"https:\/\/novoglas.com\/fr\/matieres-plastiques\/#breadcrumb\",\"itemListElement\":[{\"@type\":\"ListItem\",\"position\":1,\"name\":\"Startseite\",\"item\":\"https:\/\/novoglas.com\/\"},{\"@type\":\"ListItem\",\"position\":2,\"name\":\"Mati\u00e8res plastiques\"}]},{\"@type\":\"WebSite\",\"@id\":\"https:\/\/novoglas.com\/#website\",\"url\":\"https:\/\/novoglas.com\/\",\"name\":\"Novoglas\",\"description\":\"L\u00f6sungen aus Acrylglas, Plexiglas, Polycarbonat\",\"publisher\":{\"@id\":\"https:\/\/novoglas.com\/#organization\"},\"potentialAction\":[{\"@type\":\"SearchAction\",\"target\":{\"@type\":\"EntryPoint\",\"urlTemplate\":\"https:\/\/novoglas.com\/?s={search_term_string}\"},\"query-input\":{\"@type\":\"PropertyValueSpecification\",\"valueRequired\":true,\"valueName\":\"search_term_string\"}}],\"inLanguage\":\"fr-FR\"},{\"@type\":\"Organization\",\"@id\":\"https:\/\/novoglas.com\/#organization\",\"name\":\"Novoglas AG\",\"url\":\"https:\/\/novoglas.com\/\",\"logo\":{\"@type\":\"ImageObject\",\"inLanguage\":\"fr-FR\",\"@id\":\"https:\/\/novoglas.com\/#\/schema\/logo\/image\/\",\"url\":\"https:\/\/novoglas.com\/wp-content\/uploads\/2023\/03\/logo.svg\",\"contentUrl\":\"https:\/\/novoglas.com\/wp-content\/uploads\/2023\/03\/logo.svg\",\"width\":100,\"height\":100,\"caption\":\"Novoglas AG\"},\"image\":{\"@id\":\"https:\/\/novoglas.com\/#\/schema\/logo\/image\/\"},\"sameAs\":[\"https:\/\/www.facebook.com\/novoglas.ag\",\"https:\/\/www.linkedin.com\/company\/novoglas-ag\/\"]}]}<\/script>\n<!-- \/ Yoast SEO plugin. -->","yoast_head_json":{"title":"Mati\u00e8res plastiques - Novoglas","description":"Vous trouverez ici tout ce qu'il faut savoir sur nos mati\u00e8res plastiques.","robots":{"index":"index","follow":"follow","max-snippet":"max-snippet:-1","max-image-preview":"max-image-preview:large","max-video-preview":"max-video-preview:-1"},"canonical":"https:\/\/novoglas.com\/fr\/matieres-plastiques\/","og_locale":"fr_FR","og_type":"article","og_title":"Mati\u00e8res plastiques - Novoglas","og_description":"Vous trouverez ici tout ce qu'il faut savoir sur nos mati\u00e8res plastiques.","og_url":"https:\/\/novoglas.com\/fr\/matieres-plastiques\/","og_site_name":"Novoglas","article_publisher":"https:\/\/www.facebook.com\/novoglas.ag","article_modified_time":"2023-07-16T12:56:44+00:00","twitter_card":"summary_large_image","twitter_misc":{"Dur\u00e9e de lecture estim\u00e9e":"1 minute"},"schema":{"@context":"https:\/\/schema.org","@graph":[{"@type":"WebPage","@id":"https:\/\/novoglas.com\/fr\/matieres-plastiques\/","url":"https:\/\/novoglas.com\/fr\/matieres-plastiques\/","name":"Mati\u00e8res plastiques - Novoglas","isPartOf":{"@id":"https:\/\/novoglas.com\/#website"},"datePublished":"2023-04-02T11:05:21+00:00","dateModified":"2023-07-16T12:56:44+00:00","description":"Vous trouverez ici tout ce qu'il faut savoir sur nos mati\u00e8res plastiques.","breadcrumb":{"@id":"https:\/\/novoglas.com\/fr\/matieres-plastiques\/#breadcrumb"},"inLanguage":"fr-FR","potentialAction":[{"@type":"ReadAction","target":["https:\/\/novoglas.com\/fr\/matieres-plastiques\/"]}]},{"@type":"BreadcrumbList","@id":"https:\/\/novoglas.com\/fr\/matieres-plastiques\/#breadcrumb","itemListElement":[{"@type":"ListItem","position":1,"name":"Startseite","item":"https:\/\/novoglas.com\/"},{"@type":"ListItem","position":2,"name":"Mati\u00e8res plastiques"}]},{"@type":"WebSite","@id":"https:\/\/novoglas.com\/#website","url":"https:\/\/novoglas.com\/","name":"Novoglas","description":"L\u00f6sungen aus Acrylglas, Plexiglas, Polycarbonat","publisher":{"@id":"https:\/\/novoglas.com\/#organization"},"potentialAction":[{"@type":"SearchAction","target":{"@type":"EntryPoint","urlTemplate":"https:\/\/novoglas.com\/?s={search_term_string}"},"query-input":{"@type":"PropertyValueSpecification","valueRequired":true,"valueName":"search_term_string"}}],"inLanguage":"fr-FR"},{"@type":"Organization","@id":"https:\/\/novoglas.com\/#organization","name":"Novoglas AG","url":"https:\/\/novoglas.com\/","logo":{"@type":"ImageObject","inLanguage":"fr-FR","@id":"https:\/\/novoglas.com\/#\/schema\/logo\/image\/","url":"https:\/\/novoglas.com\/wp-content\/uploads\/2023\/03\/logo.svg","contentUrl":"https:\/\/novoglas.com\/wp-content\/uploads\/2023\/03\/logo.svg","width":100,"height":100,"caption":"Novoglas AG"},"image":{"@id":"https:\/\/novoglas.com\/#\/schema\/logo\/image\/"},"sameAs":["https:\/\/www.facebook.com\/novoglas.ag","https:\/\/www.linkedin.com\/company\/novoglas-ag\/"]}]}},"_links":{"self":[{"href":"https:\/\/novoglas.com\/fr\/wp-json\/wp\/v2\/pages\/7477","targetHints":{"allow":["GET"]}}],"collection":[{"href":"https:\/\/novoglas.com\/fr\/wp-json\/wp\/v2\/pages"}],"about":[{"href":"https:\/\/novoglas.com\/fr\/wp-json\/wp\/v2\/types\/page"}],"author":[{"embeddable":true,"href":"https:\/\/novoglas.com\/fr\/wp-json\/wp\/v2\/users\/2"}],"replies":[{"embeddable":true,"href":"https:\/\/novoglas.com\/fr\/wp-json\/wp\/v2\/comments?post=7477"}],"version-history":[{"count":7,"href":"https:\/\/novoglas.com\/fr\/wp-json\/wp\/v2\/pages\/7477\/revisions"}],"predecessor-version":[{"id":8210,"href":"https:\/\/novoglas.com\/fr\/wp-json\/wp\/v2\/pages\/7477\/revisions\/8210"}],"wp:attachment":[{"href":"https:\/\/novoglas.com\/fr\/wp-json\/wp\/v2\/media?parent=7477"}],"curies":[{"name":"wp","href":"https:\/\/api.w.org\/{rel}","templated":true}]}}