{"id":7189,"date":"2020-02-15T10:36:55","date_gmt":"2020-02-15T10:36:55","guid":{"rendered":"https:\/\/novoglas.com\/secteurs\/"},"modified":"2023-07-16T13:29:32","modified_gmt":"2023-07-16T13:29:32","slug":"secteurs","status":"publish","type":"page","link":"https:\/\/novoglas.com\/fr\/secteurs\/","title":{"rendered":"Secteurs"},"content":{"rendered":"\t\t<div data-elementor-type=\"wp-page\" data-elementor-id=\"7189\" class=\"elementor elementor-7189 elementor-16\" data-elementor-post-type=\"page\">\n\t\t\t\t\t\t<section class=\"elementor-section elementor-top-section elementor-element elementor-element-464580a elementor-section-content-middle elementor-section-boxed elementor-section-height-default elementor-section-height-default\" data-id=\"464580a\" data-element_type=\"section\">\n\t\t\t\t\t\t<div class=\"elementor-container elementor-column-gap-wider\">\n\t\t\t\t\t<div class=\"elementor-column elementor-col-50 elementor-top-column elementor-element elementor-element-bd8a27b\" data-id=\"bd8a27b\" data-element_type=\"column\">\n\t\t\t<div class=\"elementor-widget-wrap elementor-element-populated\">\n\t\t\t\t\t\t<div class=\"elementor-element elementor-element-d709ae5 elementor-widget elementor-widget-heading\" data-id=\"d709ae5\" data-element_type=\"widget\" data-widget_type=\"heading.default\">\n\t\t\t\t<div class=\"elementor-widget-container\">\n\t\t\t\t\t<h3 class=\"elementor-heading-title elementor-size-default\">Solutions sectorielles<\/h3>\t\t\t\t<\/div>\n\t\t\t\t<\/div>\n\t\t\t\t\t<\/div>\n\t\t<\/div>\n\t\t\t\t<div class=\"elementor-column elementor-col-50 elementor-top-column elementor-element elementor-element-1c65c4e\" data-id=\"1c65c4e\" data-element_type=\"column\">\n\t\t\t<div class=\"elementor-widget-wrap elementor-element-populated\">\n\t\t\t\t\t\t<div class=\"elementor-element elementor-element-d6b97a3 elementor-widget__width-auto elementor-widget elementor-widget-heading\" data-id=\"d6b97a3\" data-element_type=\"widget\" data-widget_type=\"heading.default\">\n\t\t\t\t<div class=\"elementor-widget-container\">\n\t\t\t\t\t<h3 class=\"elementor-heading-title elementor-size-default\">Des solutions parfaites pour les secteurs les plus divers.<\/h3>\t\t\t\t<\/div>\n\t\t\t\t<\/div>\n\t\t\t\t\t<\/div>\n\t\t<\/div>\n\t\t\t\t\t<\/div>\n\t\t<\/section>\n\t\t\t\t<section class=\"elementor-section elementor-top-section elementor-element elementor-element-62466e7 elementor-section-boxed elementor-section-height-default elementor-section-height-default\" data-id=\"62466e7\" data-element_type=\"section\">\n\t\t\t\t\t\t<div class=\"elementor-container elementor-column-gap-wider\">\n\t\t\t\t\t<div class=\"elementor-column elementor-col-100 elementor-top-column elementor-element elementor-element-f0ae12a\" data-id=\"f0ae12a\" data-element_type=\"column\">\n\t\t\t<div class=\"elementor-widget-wrap elementor-element-populated\">\n\t\t\t\t\t\t<div class=\"elementor-element elementor-element-f5845f7 preserve-img-ratio-cover elementor-widget elementor-widget-the7_elements\" data-id=\"f5845f7\" data-element_type=\"widget\" data-widget_type=\"the7_elements.default\">\n\t\t\t\t<div class=\"elementor-widget-container\">\n\t\t\t\t\t<div class=\"portfolio-shortcode the7-elementor-widget the7_elements-f5845f7 mode-grid dt-css-grid-wrap classic-layout-list description-under-image meta-info-off content-bg-on resize-by-browser-width widget-with-filter loading-effect-fall-perspective\" data-padding=\"60px\" data-mobile-columns-num=\"1\" data-tablet-columns-num=\"2\" data-desktop-columns-num=\"3\" data-wide-desktop-columns-num=\"3\" data-post-limit=\"-1\" data-pagination-mode=\"standard\" data-scroll-offset=\"\"><div class=\"dt-css-grid custom-pagination-handler\"><div class=\"visible wf-cell category-0\" data-post-id=\"7198\" data-date=\"2020-02-18T09:37:00+00:00\" data-name=\"Technique et construction de machines\"><article class=\"post visible post-7198 services type-services status-publish has-post-thumbnail hentry\" data-name=\"Technique et construction de machines\" data-date=\"2020-02-18T09:37:00+00:00\">\n\n\t<div class=\"post-thumbnail-wrap\">\n\t\t<div class=\"post-thumbnail\">\n\n\t\t\t<a class=\"post-thumbnail-rollover layzr-bg img-css-resize-wrapper\" aria-label=\"Image article\" href=\"https:\/\/novoglas.com\/fr\/services\/technique-et-construction-de-machines\/\"><img fetchpriority=\"high\" decoding=\"async\" width=\"1500\" height=\"1335\" src=\"data:image\/svg+xml,%3Csvg%20xmlns%3D&#039;http%3A%2F%2Fwww.w3.org%2F2000%2Fsvg&#039;%20viewBox%3D&#039;0%200%201500%201335&#039;%2F%3E\" class=\"attachment-full size-full preload-me aspect lazy lazy-load\" alt=\"\" sizes=\"(max-width: 1500px) 100vw, 1500px\" style=\"--ratio: 1500 \/ 1335;\" data-src=\"https:\/\/novoglas.com\/wp-content\/uploads\/2023\/03\/Schutzabdeckung-min.jpg\" loading=\"eager\" data-srcset=\"https:\/\/novoglas.com\/wp-content\/uploads\/2023\/03\/Schutzabdeckung-min.jpg 1500w, https:\/\/novoglas.com\/wp-content\/uploads\/2023\/03\/Schutzabdeckung-min-300x267.jpg 300w, https:\/\/novoglas.com\/wp-content\/uploads\/2023\/03\/Schutzabdeckung-min-1024x911.jpg 1024w, https:\/\/novoglas.com\/wp-content\/uploads\/2023\/03\/Schutzabdeckung-min-768x684.jpg 768w\" \/><span class=\"the7-hover-icon\"><i aria-hidden=\"true\" class=\"fas fa-plus-square\"><\/i><\/span><\/a>\n\t\t<\/div>\n\t<\/div>\n\n\n<div class=\"post-entry-content\">\n\n\t<h3 class=\"ele-entry-title\"><a href=\"https:\/\/novoglas.com\/fr\/services\/technique-et-construction-de-machines\/\" rel=\"bookmark\" title=\"Technique et construction de machines\">Technique et construction de machines<\/a><\/h3><div class=\"entry-excerpt\"><p>Nous faisons notre part du travail.<br \/>\nAvec des pi\u00e8ces appropri\u00e9es.<\/p>\n<\/div>\n<\/div><\/article><\/div><div class=\"visible wf-cell category-0\" data-post-id=\"7200\" data-date=\"2020-02-18T09:35:02+00:00\" data-name=\"Shops et construction de stands\"><article class=\"post visible post-7200 services type-services status-publish has-post-thumbnail hentry\" data-name=\"Shops et construction de stands\" data-date=\"2020-02-18T09:35:02+00:00\">\n\n\t<div class=\"post-thumbnail-wrap\">\n\t\t<div class=\"post-thumbnail\">\n\n\t\t\t<a class=\"post-thumbnail-rollover layzr-bg img-css-resize-wrapper\" aria-label=\"Image article\" href=\"https:\/\/novoglas.com\/fr\/services\/shops-et-construction-de-stands\/\"><img decoding=\"async\" width=\"1500\" height=\"1335\" src=\"data:image\/svg+xml,%3Csvg%20xmlns%3D&#039;http%3A%2F%2Fwww.w3.org%2F2000%2Fsvg&#039;%20viewBox%3D&#039;0%200%201500%201335&#039;%2F%3E\" class=\"attachment-full size-full preload-me aspect lazy lazy-load\" alt=\"\" sizes=\"(max-width: 1500px) 100vw, 1500px\" style=\"--ratio: 1500 \/ 1335;\" data-src=\"https:\/\/novoglas.com\/wp-content\/uploads\/2020\/02\/Schuette_1.jpg\" loading=\"eager\" data-srcset=\"https:\/\/novoglas.com\/wp-content\/uploads\/2020\/02\/Schuette_1.jpg 1500w, https:\/\/novoglas.com\/wp-content\/uploads\/2020\/02\/Schuette_1-300x267.jpg 300w, https:\/\/novoglas.com\/wp-content\/uploads\/2020\/02\/Schuette_1-1024x911.jpg 1024w, https:\/\/novoglas.com\/wp-content\/uploads\/2020\/02\/Schuette_1-768x684.jpg 768w\" \/><span class=\"the7-hover-icon\"><i aria-hidden=\"true\" class=\"fas fa-plus-square\"><\/i><\/span><\/a>\n\t\t<\/div>\n\t<\/div>\n\n\n<div class=\"post-entry-content\">\n\n\t<h3 class=\"ele-entry-title\"><a href=\"https:\/\/novoglas.com\/fr\/services\/shops-et-construction-de-stands\/\" rel=\"bookmark\" title=\"Shops et construction de stands\">Shops et construction de stands<\/a><\/h3><div class=\"entry-excerpt\"><p>Jugez notre savoir-faire.<\/p>\n<\/div>\n<\/div><\/article><\/div><div class=\"visible wf-cell category-0\" data-post-id=\"7202\" data-date=\"2020-02-18T09:32:38+00:00\" data-name=\"M\u00e9decine et sant\u00e9 pulique\"><article class=\"post visible post-7202 services type-services status-publish has-post-thumbnail hentry\" data-name=\"M\u00e9decine et sant\u00e9 pulique\" data-date=\"2020-02-18T09:32:38+00:00\">\n\n\t<div class=\"post-thumbnail-wrap\">\n\t\t<div class=\"post-thumbnail\">\n\n\t\t\t<a class=\"post-thumbnail-rollover layzr-bg img-css-resize-wrapper\" aria-label=\"Image article\" href=\"https:\/\/novoglas.com\/fr\/services\/medecine-et-sante-pulique\/\"><img decoding=\"async\" width=\"1500\" height=\"1335\" src=\"data:image\/svg+xml,%3Csvg%20xmlns%3D&#039;http%3A%2F%2Fwww.w3.org%2F2000%2Fsvg&#039;%20viewBox%3D&#039;0%200%201500%201335&#039;%2F%3E\" class=\"attachment-full size-full preload-me aspect lazy lazy-load\" alt=\"\" sizes=\"(max-width: 1500px) 100vw, 1500px\" style=\"--ratio: 1500 \/ 1335;\" data-src=\"https:\/\/novoglas.com\/wp-content\/uploads\/2020\/02\/Medizin-und-Gesundheitswesen-min.jpg\" loading=\"eager\" data-srcset=\"https:\/\/novoglas.com\/wp-content\/uploads\/2020\/02\/Medizin-und-Gesundheitswesen-min.jpg 1500w, https:\/\/novoglas.com\/wp-content\/uploads\/2020\/02\/Medizin-und-Gesundheitswesen-min-300x267.jpg 300w, https:\/\/novoglas.com\/wp-content\/uploads\/2020\/02\/Medizin-und-Gesundheitswesen-min-1024x911.jpg 1024w, https:\/\/novoglas.com\/wp-content\/uploads\/2020\/02\/Medizin-und-Gesundheitswesen-min-768x684.jpg 768w\" \/><span class=\"the7-hover-icon\"><i aria-hidden=\"true\" class=\"fas fa-plus-square\"><\/i><\/span><\/a>\n\t\t<\/div>\n\t<\/div>\n\n\n<div class=\"post-entry-content\">\n\n\t<h3 class=\"ele-entry-title\"><a href=\"https:\/\/novoglas.com\/fr\/services\/medecine-et-sante-pulique\/\" rel=\"bookmark\" title=\"M\u00e9decine et sant\u00e9 pulique\">M\u00e9decine et sant\u00e9 pulique<\/a><\/h3><div class=\"entry-excerpt\"><p>Nous avons la bonne solution pour chaque besoin.<\/p>\n<\/div>\n<\/div><\/article><\/div><div class=\"visible wf-cell category-0\" data-post-id=\"7206\" data-date=\"2020-02-17T14:59:53+00:00\" data-name=\"Domaine publicitaire\"><article class=\"post visible post-7206 services type-services status-publish has-post-thumbnail hentry\" data-name=\"Domaine publicitaire\" data-date=\"2020-02-17T14:59:53+00:00\">\n\n\t<div class=\"post-thumbnail-wrap\">\n\t\t<div class=\"post-thumbnail\">\n\n\t\t\t<a class=\"post-thumbnail-rollover layzr-bg img-css-resize-wrapper\" aria-label=\"Image article\" href=\"https:\/\/novoglas.com\/fr\/services\/domaine-publicitaire\/\"><img decoding=\"async\" width=\"1500\" height=\"1335\" src=\"data:image\/svg+xml,%3Csvg%20xmlns%3D&#039;http%3A%2F%2Fwww.w3.org%2F2000%2Fsvg&#039;%20viewBox%3D&#039;0%200%201500%201335&#039;%2F%3E\" class=\"attachment-full size-full preload-me aspect lazy lazy-load\" alt=\"\" sizes=\"(max-width: 1500px) 100vw, 1500px\" style=\"--ratio: 1500 \/ 1335;\" data-src=\"https:\/\/novoglas.com\/wp-content\/uploads\/2020\/02\/Werbeindustrie-min.jpg\" loading=\"eager\" data-srcset=\"https:\/\/novoglas.com\/wp-content\/uploads\/2020\/02\/Werbeindustrie-min.jpg 1500w, https:\/\/novoglas.com\/wp-content\/uploads\/2020\/02\/Werbeindustrie-min-300x267.jpg 300w, https:\/\/novoglas.com\/wp-content\/uploads\/2020\/02\/Werbeindustrie-min-1024x911.jpg 1024w, https:\/\/novoglas.com\/wp-content\/uploads\/2020\/02\/Werbeindustrie-min-768x684.jpg 768w\" \/><span class=\"the7-hover-icon\"><i aria-hidden=\"true\" class=\"fas fa-plus-square\"><\/i><\/span><\/a>\n\t\t<\/div>\n\t<\/div>\n\n\n<div class=\"post-entry-content\">\n\n\t<h3 class=\"ele-entry-title\"><a href=\"https:\/\/novoglas.com\/fr\/services\/domaine-publicitaire\/\" rel=\"bookmark\" title=\"Domaine publicitaire\">Domaine publicitaire<\/a><\/h3><div class=\"entry-excerpt\"><p>Des pr\u00e9sentations r\u00e9ussies avec nos pi\u00e8ces publicitaires en 3D.<\/p>\n<\/div>\n<\/div><\/article><\/div><div class=\"visible wf-cell category-0\" data-post-id=\"7208\" data-date=\"2020-02-17T14:58:14+00:00\" data-name=\"Pr\u00e9sentoirs, PLV\"><article class=\"post visible post-7208 services type-services status-publish has-post-thumbnail hentry\" data-name=\"Pr\u00e9sentoirs, PLV\" data-date=\"2020-02-17T14:58:14+00:00\">\n\n\t<div class=\"post-thumbnail-wrap\">\n\t\t<div class=\"post-thumbnail\">\n\n\t\t\t<a class=\"post-thumbnail-rollover layzr-bg img-css-resize-wrapper\" aria-label=\"Image article\" href=\"https:\/\/novoglas.com\/fr\/services\/presentoirs-plv\/\"><img decoding=\"async\" width=\"1500\" height=\"1335\" src=\"data:image\/svg+xml,%3Csvg%20xmlns%3D&#039;http%3A%2F%2Fwww.w3.org%2F2000%2Fsvg&#039;%20viewBox%3D&#039;0%200%201500%201335&#039;%2F%3E\" class=\"attachment-full size-full preload-me aspect lazy lazy-load\" alt=\"\" sizes=\"(max-width: 1500px) 100vw, 1500px\" style=\"--ratio: 1500 \/ 1335;\" data-src=\"https:\/\/novoglas.com\/wp-content\/uploads\/2020\/02\/POS-Display-min.jpg\" loading=\"eager\" data-srcset=\"https:\/\/novoglas.com\/wp-content\/uploads\/2020\/02\/POS-Display-min.jpg 1500w, https:\/\/novoglas.com\/wp-content\/uploads\/2020\/02\/POS-Display-min-300x267.jpg 300w, https:\/\/novoglas.com\/wp-content\/uploads\/2020\/02\/POS-Display-min-1024x911.jpg 1024w, https:\/\/novoglas.com\/wp-content\/uploads\/2020\/02\/POS-Display-min-768x684.jpg 768w\" \/><span class=\"the7-hover-icon\"><i aria-hidden=\"true\" class=\"fas fa-plus-square\"><\/i><\/span><\/a>\n\t\t<\/div>\n\t<\/div>\n\n\n<div class=\"post-entry-content\">\n\n\t<h3 class=\"ele-entry-title\"><a href=\"https:\/\/novoglas.com\/fr\/services\/presentoirs-plv\/\" rel=\"bookmark\" title=\"Pr\u00e9sentoirs, PLV\">Pr\u00e9sentoirs, PLV<\/a><\/h3><div class=\"entry-excerpt\"><p>Mettez en lumi\u00e8re vos marques et vos produits.<\/p>\n<\/div>\n<\/div><\/article><\/div><div class=\"visible wf-cell category-0\" data-post-id=\"7210\" data-date=\"2020-02-17T14:51:47+00:00\" data-name=\"Fabrications sp\u00e9ciales\"><article class=\"post visible post-7210 services type-services status-publish has-post-thumbnail hentry\" data-name=\"Fabrications sp\u00e9ciales\" data-date=\"2020-02-17T14:51:47+00:00\">\n\n\t<div class=\"post-thumbnail-wrap\">\n\t\t<div class=\"post-thumbnail\">\n\n\t\t\t<a class=\"post-thumbnail-rollover layzr-bg img-css-resize-wrapper\" aria-label=\"Image article\" href=\"https:\/\/novoglas.com\/fr\/services\/fabrications-speciales\/\"><img decoding=\"async\" width=\"1500\" height=\"1335\" src=\"data:image\/svg+xml,%3Csvg%20xmlns%3D&#039;http%3A%2F%2Fwww.w3.org%2F2000%2Fsvg&#039;%20viewBox%3D&#039;0%200%201500%201335&#039;%2F%3E\" class=\"attachment-full size-full preload-me aspect lazy lazy-load\" alt=\"\" sizes=\"(max-width: 1500px) 100vw, 1500px\" style=\"--ratio: 1500 \/ 1335;\" data-src=\"https:\/\/novoglas.com\/wp-content\/uploads\/2020\/02\/Spezialitaeten-min.jpg\" loading=\"eager\" data-srcset=\"https:\/\/novoglas.com\/wp-content\/uploads\/2020\/02\/Spezialitaeten-min.jpg 1500w, https:\/\/novoglas.com\/wp-content\/uploads\/2020\/02\/Spezialitaeten-min-300x267.jpg 300w, https:\/\/novoglas.com\/wp-content\/uploads\/2020\/02\/Spezialitaeten-min-1024x911.jpg 1024w, https:\/\/novoglas.com\/wp-content\/uploads\/2020\/02\/Spezialitaeten-min-768x684.jpg 768w\" \/><span class=\"the7-hover-icon\"><i aria-hidden=\"true\" class=\"fas fa-plus-square\"><\/i><\/span><\/a>\n\t\t<\/div>\n\t<\/div>\n\n\n<div class=\"post-entry-content\">\n\n\t<h3 class=\"ele-entry-title\"><a href=\"https:\/\/novoglas.com\/fr\/services\/fabrications-speciales\/\" rel=\"bookmark\" title=\"Fabrications sp\u00e9ciales\">Fabrications sp\u00e9ciales<\/a><\/h3><div class=\"entry-excerpt\"><p>Montrez qui vous \u00eates, ce que vous proposez et ce que vous savez faire.<\/p>\n<\/div>\n<\/div><\/article><\/div><\/div><!-- iso-container|iso-grid --><\/div>\t\t\t\t<\/div>\n\t\t\t\t<\/div>\n\t\t\t\t\t<\/div>\n\t\t<\/div>\n\t\t\t\t\t<\/div>\n\t\t<\/section>\n\t\t\t\t<\/div>\n\t\t","protected":false},"excerpt":{"rendered":"<p>Solutions sectorielles Des solutions parfaites pour les secteurs les plus divers. Technique et construction de machines Nous faisons notre part du travail. Shops et construction de stands Jugez-nous d\u2019apr\u00e8s tout notre savoir-faire. M\u00e9decine et sant\u00e9 publique Nous avons la bonne recette pour chaque besoin. Domaine publicitaire Des pr\u00e9sentations brillantes avec du mat\u00e9riel publicitaire en 3D&hellip;<\/p>\n","protected":false},"author":2,"featured_media":6925,"parent":0,"menu_order":40,"comment_status":"closed","ping_status":"closed","template":"","meta":{"footnotes":""},"class_list":["post-7189","page","type-page","status-publish","has-post-thumbnail","hentry"],"yoast_head":"<!-- This site is optimized with the Yoast SEO plugin v25.1 - https:\/\/yoast.com\/wordpress\/plugins\/seo\/ -->\n<title>Secteurs - Novoglas<\/title>\n<meta name=\"description\" content=\"Des solutions parfaites pour les secteurs les plus divers.\" \/>\n<meta name=\"robots\" content=\"index, follow, max-snippet:-1, max-image-preview:large, max-video-preview:-1\" \/>\n<link rel=\"canonical\" href=\"https:\/\/novoglas.com\/fr\/secteurs\/\" \/>\n<meta property=\"og:locale\" content=\"fr_FR\" \/>\n<meta property=\"og:type\" content=\"article\" \/>\n<meta property=\"og:title\" content=\"Secteurs - Novoglas\" \/>\n<meta property=\"og:description\" content=\"Des solutions parfaites pour les secteurs les plus divers.\" \/>\n<meta property=\"og:url\" content=\"https:\/\/novoglas.com\/fr\/secteurs\/\" \/>\n<meta property=\"og:site_name\" content=\"Novoglas\" \/>\n<meta property=\"article:publisher\" content=\"https:\/\/www.facebook.com\/novoglas.ag\" \/>\n<meta property=\"article:modified_time\" content=\"2023-07-16T13:29:32+00:00\" \/>\n<meta property=\"og:image\" content=\"https:\/\/novoglas.com\/wp-content\/uploads\/2020\/02\/novoglas_14_moods_IM_2158_bearb_1500x1000-min.jpg\" \/>\n\t<meta property=\"og:image:width\" content=\"1500\" \/>\n\t<meta property=\"og:image:height\" content=\"1000\" \/>\n\t<meta property=\"og:image:type\" content=\"image\/jpeg\" \/>\n<meta name=\"twitter:card\" content=\"summary_large_image\" \/>\n<script type=\"application\/ld+json\" class=\"yoast-schema-graph\">{\"@context\":\"https:\/\/schema.org\",\"@graph\":[{\"@type\":\"WebPage\",\"@id\":\"https:\/\/novoglas.com\/fr\/secteurs\/\",\"url\":\"https:\/\/novoglas.com\/fr\/secteurs\/\",\"name\":\"Secteurs - Novoglas\",\"isPartOf\":{\"@id\":\"https:\/\/novoglas.com\/#website\"},\"primaryImageOfPage\":{\"@id\":\"https:\/\/novoglas.com\/fr\/secteurs\/#primaryimage\"},\"image\":{\"@id\":\"https:\/\/novoglas.com\/fr\/secteurs\/#primaryimage\"},\"thumbnailUrl\":\"https:\/\/novoglas.com\/wp-content\/uploads\/2020\/02\/novoglas_14_moods_IM_2158_bearb_1500x1000-min.jpg\",\"datePublished\":\"2020-02-15T10:36:55+00:00\",\"dateModified\":\"2023-07-16T13:29:32+00:00\",\"description\":\"Des solutions parfaites pour les secteurs les plus divers.\",\"breadcrumb\":{\"@id\":\"https:\/\/novoglas.com\/fr\/secteurs\/#breadcrumb\"},\"inLanguage\":\"fr-FR\",\"potentialAction\":[{\"@type\":\"ReadAction\",\"target\":[\"https:\/\/novoglas.com\/fr\/secteurs\/\"]}]},{\"@type\":\"ImageObject\",\"inLanguage\":\"fr-FR\",\"@id\":\"https:\/\/novoglas.com\/fr\/secteurs\/#primaryimage\",\"url\":\"https:\/\/novoglas.com\/wp-content\/uploads\/2020\/02\/novoglas_14_moods_IM_2158_bearb_1500x1000-min.jpg\",\"contentUrl\":\"https:\/\/novoglas.com\/wp-content\/uploads\/2020\/02\/novoglas_14_moods_IM_2158_bearb_1500x1000-min.jpg\",\"width\":1500,\"height\":1000},{\"@type\":\"BreadcrumbList\",\"@id\":\"https:\/\/novoglas.com\/fr\/secteurs\/#breadcrumb\",\"itemListElement\":[{\"@type\":\"ListItem\",\"position\":1,\"name\":\"Startseite\",\"item\":\"https:\/\/novoglas.com\/\"},{\"@type\":\"ListItem\",\"position\":2,\"name\":\"Secteurs\"}]},{\"@type\":\"WebSite\",\"@id\":\"https:\/\/novoglas.com\/#website\",\"url\":\"https:\/\/novoglas.com\/\",\"name\":\"Novoglas\",\"description\":\"L\u00f6sungen aus Acrylglas, Plexiglas, Polycarbonat\",\"publisher\":{\"@id\":\"https:\/\/novoglas.com\/#organization\"},\"potentialAction\":[{\"@type\":\"SearchAction\",\"target\":{\"@type\":\"EntryPoint\",\"urlTemplate\":\"https:\/\/novoglas.com\/?s={search_term_string}\"},\"query-input\":{\"@type\":\"PropertyValueSpecification\",\"valueRequired\":true,\"valueName\":\"search_term_string\"}}],\"inLanguage\":\"fr-FR\"},{\"@type\":\"Organization\",\"@id\":\"https:\/\/novoglas.com\/#organization\",\"name\":\"Novoglas AG\",\"url\":\"https:\/\/novoglas.com\/\",\"logo\":{\"@type\":\"ImageObject\",\"inLanguage\":\"fr-FR\",\"@id\":\"https:\/\/novoglas.com\/#\/schema\/logo\/image\/\",\"url\":\"https:\/\/novoglas.com\/wp-content\/uploads\/2023\/03\/logo.svg\",\"contentUrl\":\"https:\/\/novoglas.com\/wp-content\/uploads\/2023\/03\/logo.svg\",\"width\":100,\"height\":100,\"caption\":\"Novoglas AG\"},\"image\":{\"@id\":\"https:\/\/novoglas.com\/#\/schema\/logo\/image\/\"},\"sameAs\":[\"https:\/\/www.facebook.com\/novoglas.ag\",\"https:\/\/www.linkedin.com\/company\/novoglas-ag\/\"]}]}<\/script>\n<!-- \/ Yoast SEO plugin. -->","yoast_head_json":{"title":"Secteurs - Novoglas","description":"Des solutions parfaites pour les secteurs les plus divers.","robots":{"index":"index","follow":"follow","max-snippet":"max-snippet:-1","max-image-preview":"max-image-preview:large","max-video-preview":"max-video-preview:-1"},"canonical":"https:\/\/novoglas.com\/fr\/secteurs\/","og_locale":"fr_FR","og_type":"article","og_title":"Secteurs - Novoglas","og_description":"Des solutions parfaites pour les secteurs les plus divers.","og_url":"https:\/\/novoglas.com\/fr\/secteurs\/","og_site_name":"Novoglas","article_publisher":"https:\/\/www.facebook.com\/novoglas.ag","article_modified_time":"2023-07-16T13:29:32+00:00","og_image":[{"width":1500,"height":1000,"url":"https:\/\/novoglas.com\/wp-content\/uploads\/2020\/02\/novoglas_14_moods_IM_2158_bearb_1500x1000-min.jpg","type":"image\/jpeg"}],"twitter_card":"summary_large_image","schema":{"@context":"https:\/\/schema.org","@graph":[{"@type":"WebPage","@id":"https:\/\/novoglas.com\/fr\/secteurs\/","url":"https:\/\/novoglas.com\/fr\/secteurs\/","name":"Secteurs - Novoglas","isPartOf":{"@id":"https:\/\/novoglas.com\/#website"},"primaryImageOfPage":{"@id":"https:\/\/novoglas.com\/fr\/secteurs\/#primaryimage"},"image":{"@id":"https:\/\/novoglas.com\/fr\/secteurs\/#primaryimage"},"thumbnailUrl":"https:\/\/novoglas.com\/wp-content\/uploads\/2020\/02\/novoglas_14_moods_IM_2158_bearb_1500x1000-min.jpg","datePublished":"2020-02-15T10:36:55+00:00","dateModified":"2023-07-16T13:29:32+00:00","description":"Des solutions parfaites pour les secteurs les plus divers.","breadcrumb":{"@id":"https:\/\/novoglas.com\/fr\/secteurs\/#breadcrumb"},"inLanguage":"fr-FR","potentialAction":[{"@type":"ReadAction","target":["https:\/\/novoglas.com\/fr\/secteurs\/"]}]},{"@type":"ImageObject","inLanguage":"fr-FR","@id":"https:\/\/novoglas.com\/fr\/secteurs\/#primaryimage","url":"https:\/\/novoglas.com\/wp-content\/uploads\/2020\/02\/novoglas_14_moods_IM_2158_bearb_1500x1000-min.jpg","contentUrl":"https:\/\/novoglas.com\/wp-content\/uploads\/2020\/02\/novoglas_14_moods_IM_2158_bearb_1500x1000-min.jpg","width":1500,"height":1000},{"@type":"BreadcrumbList","@id":"https:\/\/novoglas.com\/fr\/secteurs\/#breadcrumb","itemListElement":[{"@type":"ListItem","position":1,"name":"Startseite","item":"https:\/\/novoglas.com\/"},{"@type":"ListItem","position":2,"name":"Secteurs"}]},{"@type":"WebSite","@id":"https:\/\/novoglas.com\/#website","url":"https:\/\/novoglas.com\/","name":"Novoglas","description":"L\u00f6sungen aus Acrylglas, Plexiglas, Polycarbonat","publisher":{"@id":"https:\/\/novoglas.com\/#organization"},"potentialAction":[{"@type":"SearchAction","target":{"@type":"EntryPoint","urlTemplate":"https:\/\/novoglas.com\/?s={search_term_string}"},"query-input":{"@type":"PropertyValueSpecification","valueRequired":true,"valueName":"search_term_string"}}],"inLanguage":"fr-FR"},{"@type":"Organization","@id":"https:\/\/novoglas.com\/#organization","name":"Novoglas AG","url":"https:\/\/novoglas.com\/","logo":{"@type":"ImageObject","inLanguage":"fr-FR","@id":"https:\/\/novoglas.com\/#\/schema\/logo\/image\/","url":"https:\/\/novoglas.com\/wp-content\/uploads\/2023\/03\/logo.svg","contentUrl":"https:\/\/novoglas.com\/wp-content\/uploads\/2023\/03\/logo.svg","width":100,"height":100,"caption":"Novoglas AG"},"image":{"@id":"https:\/\/novoglas.com\/#\/schema\/logo\/image\/"},"sameAs":["https:\/\/www.facebook.com\/novoglas.ag","https:\/\/www.linkedin.com\/company\/novoglas-ag\/"]}]}},"_links":{"self":[{"href":"https:\/\/novoglas.com\/fr\/wp-json\/wp\/v2\/pages\/7189","targetHints":{"allow":["GET"]}}],"collection":[{"href":"https:\/\/novoglas.com\/fr\/wp-json\/wp\/v2\/pages"}],"about":[{"href":"https:\/\/novoglas.com\/fr\/wp-json\/wp\/v2\/types\/page"}],"author":[{"embeddable":true,"href":"https:\/\/novoglas.com\/fr\/wp-json\/wp\/v2\/users\/2"}],"replies":[{"embeddable":true,"href":"https:\/\/novoglas.com\/fr\/wp-json\/wp\/v2\/comments?post=7189"}],"version-history":[{"count":5,"href":"https:\/\/novoglas.com\/fr\/wp-json\/wp\/v2\/pages\/7189\/revisions"}],"predecessor-version":[{"id":8218,"href":"https:\/\/novoglas.com\/fr\/wp-json\/wp\/v2\/pages\/7189\/revisions\/8218"}],"wp:featuredmedia":[{"embeddable":true,"href":"https:\/\/novoglas.com\/fr\/wp-json\/wp\/v2\/media\/6925"}],"wp:attachment":[{"href":"https:\/\/novoglas.com\/fr\/wp-json\/wp\/v2\/media?parent=7189"}],"curies":[{"name":"wp","href":"https:\/\/api.w.org\/{rel}","templated":true}]}}