{"id":7185,"date":"2020-02-15T10:36:19","date_gmt":"2020-02-15T10:36:19","guid":{"rendered":"https:\/\/novoglas.com\/produits\/"},"modified":"2023-07-16T13:28:49","modified_gmt":"2023-07-16T13:28:49","slug":"produits","status":"publish","type":"page","link":"https:\/\/novoglas.com\/fr\/produits\/","title":{"rendered":"Produits"},"content":{"rendered":"\t\t<div data-elementor-type=\"wp-page\" data-elementor-id=\"7185\" class=\"elementor elementor-7185 elementor-14\" data-elementor-post-type=\"page\">\n\t\t\t\t\t\t<section class=\"elementor-section elementor-top-section elementor-element elementor-element-24b9a80 elementor-section-content-middle elementor-section-boxed elementor-section-height-default elementor-section-height-default\" data-id=\"24b9a80\" data-element_type=\"section\">\n\t\t\t\t\t\t<div class=\"elementor-container elementor-column-gap-wider\">\n\t\t\t\t\t<div class=\"elementor-column elementor-col-50 elementor-top-column elementor-element elementor-element-3495067\" data-id=\"3495067\" data-element_type=\"column\">\n\t\t\t<div class=\"elementor-widget-wrap elementor-element-populated\">\n\t\t\t\t\t\t<div class=\"elementor-element elementor-element-2d6ff27 elementor-widget elementor-widget-heading\" data-id=\"2d6ff27\" data-element_type=\"widget\" data-widget_type=\"heading.default\">\n\t\t\t\t<div class=\"elementor-widget-container\">\n\t\t\t\t\t<h3 class=\"elementor-heading-title elementor-size-default\">Nos produits<\/h3>\t\t\t\t<\/div>\n\t\t\t\t<\/div>\n\t\t\t\t\t<\/div>\n\t\t<\/div>\n\t\t\t\t<div class=\"elementor-column elementor-col-50 elementor-top-column elementor-element elementor-element-ad93ef6\" data-id=\"ad93ef6\" data-element_type=\"column\">\n\t\t\t<div class=\"elementor-widget-wrap elementor-element-populated\">\n\t\t\t\t\t\t<div class=\"elementor-element elementor-element-f7c9f2e elementor-widget__width-auto elementor-widget elementor-widget-heading\" data-id=\"f7c9f2e\" data-element_type=\"widget\" data-widget_type=\"heading.default\">\n\t\t\t\t<div class=\"elementor-widget-container\">\n\t\t\t\t\t<h3 class=\"elementor-heading-title elementor-size-default\">Des produits parfaits pour votre entreprise.<\/h3>\t\t\t\t<\/div>\n\t\t\t\t<\/div>\n\t\t\t\t\t<\/div>\n\t\t<\/div>\n\t\t\t\t\t<\/div>\n\t\t<\/section>\n\t\t\t\t<section class=\"elementor-section elementor-top-section elementor-element elementor-element-89429a5 elementor-section-boxed elementor-section-height-default elementor-section-height-default\" data-id=\"89429a5\" data-element_type=\"section\">\n\t\t\t\t\t\t<div class=\"elementor-container elementor-column-gap-wider\">\n\t\t\t\t\t<div class=\"elementor-column elementor-col-100 elementor-top-column elementor-element elementor-element-7c339e62\" data-id=\"7c339e62\" data-element_type=\"column\">\n\t\t\t<div class=\"elementor-widget-wrap elementor-element-populated\">\n\t\t\t\t\t\t<div class=\"elementor-element elementor-element-aee4a1f preserve-img-ratio-cover elementor-widget elementor-widget-the7_elements\" data-id=\"aee4a1f\" data-element_type=\"widget\" data-widget_type=\"the7_elements.default\">\n\t\t\t\t<div class=\"elementor-widget-container\">\n\t\t\t\t\t<div class=\"portfolio-shortcode the7-elementor-widget the7_elements-aee4a1f mode-grid dt-css-grid-wrap classic-layout-list description-under-image meta-info-off content-bg-on resize-by-browser-width widget-with-filter loading-effect-fall-perspective\" data-padding=\"60px\" data-mobile-columns-num=\"1\" data-tablet-columns-num=\"2\" data-desktop-columns-num=\"3\" data-wide-desktop-columns-num=\"3\" data-post-limit=\"-1\" data-pagination-mode=\"standard\" data-scroll-offset=\"\"><div class=\"dt-css-grid custom-pagination-handler\"><div class=\"visible wf-cell category-0\" data-post-id=\"7213\" data-date=\"2023-03-24T09:51:26+00:00\" data-name=\"Capots de protection et caches\"><article class=\"post visible post-7213 artikel type-artikel status-publish has-post-thumbnail hentry\" data-name=\"Capots de protection et caches\" data-date=\"2023-03-24T09:51:26+00:00\">\n\n\t<div class=\"post-thumbnail-wrap\">\n\t\t<div class=\"post-thumbnail\">\n\n\t\t\t<a class=\"post-thumbnail-rollover layzr-bg img-css-resize-wrapper\" aria-label=\"Image article\" href=\"https:\/\/novoglas.com\/fr\/artikel\/capots-de-protection-et-caches\/\"><img fetchpriority=\"high\" decoding=\"async\" width=\"1500\" height=\"1335\" src=\"data:image\/svg+xml,%3Csvg%20xmlns%3D&#039;http%3A%2F%2Fwww.w3.org%2F2000%2Fsvg&#039;%20viewBox%3D&#039;0%200%201500%201335&#039;%2F%3E\" class=\"attachment-full size-full preload-me aspect lazy lazy-load\" alt=\"\" sizes=\"(max-width: 1500px) 100vw, 1500px\" style=\"--ratio: 1500 \/ 1335;\" data-src=\"https:\/\/novoglas.com\/wp-content\/uploads\/2023\/03\/Schutzabdeckung-min.jpg\" loading=\"eager\" data-srcset=\"https:\/\/novoglas.com\/wp-content\/uploads\/2023\/03\/Schutzabdeckung-min.jpg 1500w, https:\/\/novoglas.com\/wp-content\/uploads\/2023\/03\/Schutzabdeckung-min-300x267.jpg 300w, https:\/\/novoglas.com\/wp-content\/uploads\/2023\/03\/Schutzabdeckung-min-1024x911.jpg 1024w, https:\/\/novoglas.com\/wp-content\/uploads\/2023\/03\/Schutzabdeckung-min-768x684.jpg 768w\" \/><span class=\"the7-hover-icon\"><i aria-hidden=\"true\" class=\"fas fa-plus-square\"><\/i><\/span><\/a>\n\t\t<\/div>\n\t<\/div>\n\n\n<div class=\"post-entry-content\">\n\n\t<h3 class=\"ele-entry-title\"><a href=\"https:\/\/novoglas.com\/fr\/artikel\/capots-de-protection-et-caches\/\" rel=\"bookmark\" title=\"Capots de protection et caches\">Capots de protection et caches<\/a><\/h3><div class=\"entry-excerpt\"><p>Capots de protection et caches Forts d\u2019un savoir-faire de plus&hellip;<\/p>\n<\/div>\n<\/div><\/article><\/div><div class=\"visible wf-cell category-0\" data-post-id=\"7215\" data-date=\"2023-03-24T10:20:13+00:00\" data-name=\"Logos et \u00e9criture 3D\"><article class=\"post visible post-7215 artikel type-artikel status-publish has-post-thumbnail hentry\" data-name=\"Logos et \u00e9criture 3D\" data-date=\"2023-03-24T10:20:13+00:00\">\n\n\t<div class=\"post-thumbnail-wrap\">\n\t\t<div class=\"post-thumbnail\">\n\n\t\t\t<a class=\"post-thumbnail-rollover layzr-bg img-css-resize-wrapper\" aria-label=\"Image article\" href=\"https:\/\/novoglas.com\/fr\/artikel\/logos-et-ecriture-3d\/\"><img decoding=\"async\" width=\"1500\" height=\"1001\" src=\"data:image\/svg+xml,%3Csvg%20xmlns%3D&#039;http%3A%2F%2Fwww.w3.org%2F2000%2Fsvg&#039;%20viewBox%3D&#039;0%200%201500%201001&#039;%2F%3E\" class=\"attachment-full size-full preload-me aspect lazy lazy-load\" alt=\"\" sizes=\"(max-width: 1500px) 100vw, 1500px\" style=\"--ratio: 1500 \/ 1001;\" data-src=\"https:\/\/novoglas.com\/wp-content\/uploads\/2023\/03\/3D-Buchstaben-min.jpg\" loading=\"eager\" data-srcset=\"https:\/\/novoglas.com\/wp-content\/uploads\/2023\/03\/3D-Buchstaben-min.jpg 1500w, https:\/\/novoglas.com\/wp-content\/uploads\/2023\/03\/3D-Buchstaben-min-300x200.jpg 300w, https:\/\/novoglas.com\/wp-content\/uploads\/2023\/03\/3D-Buchstaben-min-1024x683.jpg 1024w, https:\/\/novoglas.com\/wp-content\/uploads\/2023\/03\/3D-Buchstaben-min-768x513.jpg 768w\" \/><span class=\"the7-hover-icon\"><i aria-hidden=\"true\" class=\"fas fa-plus-square\"><\/i><\/span><\/a>\n\t\t<\/div>\n\t<\/div>\n\n\n<div class=\"post-entry-content\">\n\n\t<h3 class=\"ele-entry-title\"><a href=\"https:\/\/novoglas.com\/fr\/artikel\/logos-et-ecriture-3d\/\" rel=\"bookmark\" title=\"Logos et \u00e9criture 3D\">Logos et \u00e9criture 3D<\/a><\/h3><div class=\"entry-excerpt\"><p>Lettres et polices de caract\u00e8res 3D : avec nos centres&hellip;<\/p>\n<\/div>\n<\/div><\/article><\/div><div class=\"visible wf-cell category-0\" data-post-id=\"7219\" data-date=\"2023-03-24T11:11:54+00:00\" data-name=\"Urnes de concours\"><article class=\"post visible post-7219 artikel type-artikel status-publish has-post-thumbnail hentry\" data-name=\"Urnes de concours\" data-date=\"2023-03-24T11:11:54+00:00\">\n\n\t<div class=\"post-thumbnail-wrap\">\n\t\t<div class=\"post-thumbnail\">\n\n\t\t\t<a class=\"post-thumbnail-rollover layzr-bg img-css-resize-wrapper\" aria-label=\"Image article\" href=\"https:\/\/novoglas.com\/fr\/artikel\/urnes-de-concours\/\"><img decoding=\"async\" width=\"1200\" height=\"750\" src=\"data:image\/svg+xml,%3Csvg%20xmlns%3D&#039;http%3A%2F%2Fwww.w3.org%2F2000%2Fsvg&#039;%20viewBox%3D&#039;0%200%201200%20750&#039;%2F%3E\" class=\"attachment-full size-full preload-me aspect lazy lazy-load\" alt=\"\" sizes=\"(max-width: 1200px) 100vw, 1200px\" style=\"--ratio: 1200 \/ 750;\" data-src=\"https:\/\/novoglas.com\/wp-content\/uploads\/2023\/03\/WURNE-min.jpg\" loading=\"eager\" data-srcset=\"https:\/\/novoglas.com\/wp-content\/uploads\/2023\/03\/WURNE-min.jpg 1200w, https:\/\/novoglas.com\/wp-content\/uploads\/2023\/03\/WURNE-min-300x188.jpg 300w, https:\/\/novoglas.com\/wp-content\/uploads\/2023\/03\/WURNE-min-1024x640.jpg 1024w, https:\/\/novoglas.com\/wp-content\/uploads\/2023\/03\/WURNE-min-768x480.jpg 768w\" \/><span class=\"the7-hover-icon\"><i aria-hidden=\"true\" class=\"fas fa-plus-square\"><\/i><\/span><\/a>\n\t\t<\/div>\n\t<\/div>\n\n\n<div class=\"post-entry-content\">\n\n\t<h3 class=\"ele-entry-title\"><a href=\"https:\/\/novoglas.com\/fr\/artikel\/urnes-de-concours\/\" rel=\"bookmark\" title=\"Urnes de concours\">Urnes de concours<\/a><\/h3><div class=\"entry-excerpt\"><p>Urnes de concours, bo\u00eetes \u00e0 dons, urnes de vote et&hellip;<\/p>\n<\/div>\n<\/div><\/article><\/div><div class=\"visible wf-cell category-0\" data-post-id=\"9077\" data-date=\"2023-08-08T07:55:39+00:00\" data-name=\"Cloches de mus\u00e9e\"><article class=\"post visible post-9077 artikel type-artikel status-publish has-post-thumbnail hentry\" data-name=\"Cloches de mus\u00e9e\" data-date=\"2023-08-08T07:55:39+00:00\">\n\n\t<div class=\"post-thumbnail-wrap\">\n\t\t<div class=\"post-thumbnail\">\n\n\t\t\t<a class=\"post-thumbnail-rollover layzr-bg img-css-resize-wrapper\" aria-label=\"Image article\" href=\"https:\/\/novoglas.com\/fr\/artikel\/cloches-de-musee\/\"><img decoding=\"async\" width=\"1500\" height=\"1335\" src=\"data:image\/svg+xml,%3Csvg%20xmlns%3D&#039;http%3A%2F%2Fwww.w3.org%2F2000%2Fsvg&#039;%20viewBox%3D&#039;0%200%201500%201335&#039;%2F%3E\" class=\"attachment-full size-full preload-me aspect lazy lazy-load\" alt=\"\" sizes=\"(max-width: 1500px) 100vw, 1500px\" style=\"--ratio: 1500 \/ 1335;\" data-src=\"https:\/\/novoglas.com\/wp-content\/uploads\/2020\/02\/Laden-und-Messebau-min.jpg\" loading=\"eager\" data-srcset=\"https:\/\/novoglas.com\/wp-content\/uploads\/2020\/02\/Laden-und-Messebau-min.jpg 1500w, https:\/\/novoglas.com\/wp-content\/uploads\/2020\/02\/Laden-und-Messebau-min-300x267.jpg 300w, https:\/\/novoglas.com\/wp-content\/uploads\/2020\/02\/Laden-und-Messebau-min-1024x911.jpg 1024w, https:\/\/novoglas.com\/wp-content\/uploads\/2020\/02\/Laden-und-Messebau-min-768x684.jpg 768w\" \/><span class=\"the7-hover-icon\"><i aria-hidden=\"true\" class=\"fas fa-plus-square\"><\/i><\/span><\/a>\n\t\t<\/div>\n\t<\/div>\n\n\n<div class=\"post-entry-content\">\n\n\t<h3 class=\"ele-entry-title\"><a href=\"https:\/\/novoglas.com\/fr\/artikel\/cloches-de-musee\/\" rel=\"bookmark\" title=\"Cloches de mus\u00e9e\">Cloches de mus\u00e9e<\/a><\/h3><div class=\"entry-excerpt\"><p>Cloches et vitrines de premi\u00e8re qualit\u00e9 pour les mus\u00e9es Novoglas&hellip;<\/p>\n<\/div>\n<\/div><\/article><\/div><div class=\"visible wf-cell category-0\" data-post-id=\"7217\" data-date=\"2023-03-24T11:01:04+00:00\" data-name=\"Plastique ESD\"><article class=\"post visible post-7217 artikel type-artikel status-publish has-post-thumbnail hentry\" data-name=\"Plastique ESD\" data-date=\"2023-03-24T11:01:04+00:00\">\n\n\t<div class=\"post-thumbnail-wrap\">\n\t\t<div class=\"post-thumbnail\">\n\n\t\t\t<a class=\"post-thumbnail-rollover layzr-bg img-css-resize-wrapper\" aria-label=\"Image article\" href=\"https:\/\/novoglas.com\/fr\/artikel\/plastique-esd\/\"><img decoding=\"async\" width=\"1200\" height=\"750\" src=\"data:image\/svg+xml,%3Csvg%20xmlns%3D&#039;http%3A%2F%2Fwww.w3.org%2F2000%2Fsvg&#039;%20viewBox%3D&#039;0%200%201200%20750&#039;%2F%3E\" class=\"attachment-full size-full preload-me aspect lazy lazy-load\" alt=\"\" sizes=\"(max-width: 1200px) 100vw, 1200px\" style=\"--ratio: 1200 \/ 750;\" data-src=\"https:\/\/novoglas.com\/wp-content\/uploads\/2023\/06\/Schutzhaube-ESD.jpg\" loading=\"eager\" data-srcset=\"https:\/\/novoglas.com\/wp-content\/uploads\/2023\/06\/Schutzhaube-ESD.jpg 1200w, https:\/\/novoglas.com\/wp-content\/uploads\/2023\/06\/Schutzhaube-ESD-300x188.jpg 300w, https:\/\/novoglas.com\/wp-content\/uploads\/2023\/06\/Schutzhaube-ESD-1024x640.jpg 1024w, https:\/\/novoglas.com\/wp-content\/uploads\/2023\/06\/Schutzhaube-ESD-768x480.jpg 768w\" \/><span class=\"the7-hover-icon\"><i aria-hidden=\"true\" class=\"fas fa-plus-square\"><\/i><\/span><\/a>\n\t\t<\/div>\n\t<\/div>\n\n\n<div class=\"post-entry-content\">\n\n\t<h3 class=\"ele-entry-title\"><a href=\"https:\/\/novoglas.com\/fr\/artikel\/plastique-esd\/\" rel=\"bookmark\" title=\"Plastique ESD\">Plastique ESD<\/a><\/h3><div class=\"entry-excerpt\"><p>Vitrages et caches ESD transparents et antistatiques Novoglas SA est&hellip;<\/p>\n<\/div>\n<\/div><\/article><\/div><\/div><!-- iso-container|iso-grid --><\/div>\t\t\t\t<\/div>\n\t\t\t\t<\/div>\n\t\t\t\t\t<\/div>\n\t\t<\/div>\n\t\t\t\t\t<\/div>\n\t\t<\/section>\n\t\t\t\t<\/div>\n\t\t","protected":false},"excerpt":{"rendered":"<p>Nos produits Des produits parfaits pour votre entreprise. Capots de protection et caches Capots de protection et caches Forts d\u2019un savoir-faire de plus\u2026 Logos 3D et \u00e9criture 3D Lettres et polices de caract\u00e8res 3D: avec nos centres de\u2026 Plastique ESD Vitrages et caches ESD transparents et antistatiques Novoglas SA est\u2026 Urnes de concours Urnes de&hellip;<\/p>\n","protected":false},"author":2,"featured_media":0,"parent":0,"menu_order":30,"comment_status":"closed","ping_status":"closed","template":"","meta":{"footnotes":""},"class_list":["post-7185","page","type-page","status-publish","hentry"],"yoast_head":"<!-- This site is optimized with the Yoast SEO plugin v25.1 - https:\/\/yoast.com\/wordpress\/plugins\/seo\/ -->\n<title>Produits - Novoglas<\/title>\n<meta name=\"description\" content=\"Des produits parfaits pour votre entreprise.\" \/>\n<meta name=\"robots\" content=\"index, follow, max-snippet:-1, max-image-preview:large, max-video-preview:-1\" \/>\n<link rel=\"canonical\" href=\"https:\/\/novoglas.com\/fr\/produits\/\" \/>\n<meta property=\"og:locale\" content=\"fr_FR\" \/>\n<meta property=\"og:type\" content=\"article\" \/>\n<meta property=\"og:title\" content=\"Produits - Novoglas\" \/>\n<meta property=\"og:description\" content=\"Des produits parfaits pour votre entreprise.\" \/>\n<meta property=\"og:url\" content=\"https:\/\/novoglas.com\/fr\/produits\/\" \/>\n<meta property=\"og:site_name\" content=\"Novoglas\" \/>\n<meta property=\"article:publisher\" content=\"https:\/\/www.facebook.com\/novoglas.ag\" \/>\n<meta property=\"article:modified_time\" content=\"2023-07-16T13:28:49+00:00\" \/>\n<meta name=\"twitter:card\" content=\"summary_large_image\" \/>\n<meta name=\"twitter:label1\" content=\"Dur\u00e9e de lecture estim\u00e9e\" \/>\n\t<meta name=\"twitter:data1\" content=\"2 minutes\" \/>\n<script type=\"application\/ld+json\" class=\"yoast-schema-graph\">{\"@context\":\"https:\/\/schema.org\",\"@graph\":[{\"@type\":\"WebPage\",\"@id\":\"https:\/\/novoglas.com\/fr\/produits\/\",\"url\":\"https:\/\/novoglas.com\/fr\/produits\/\",\"name\":\"Produits - Novoglas\",\"isPartOf\":{\"@id\":\"https:\/\/novoglas.com\/#website\"},\"datePublished\":\"2020-02-15T10:36:19+00:00\",\"dateModified\":\"2023-07-16T13:28:49+00:00\",\"description\":\"Des produits parfaits pour votre entreprise.\",\"breadcrumb\":{\"@id\":\"https:\/\/novoglas.com\/fr\/produits\/#breadcrumb\"},\"inLanguage\":\"fr-FR\",\"potentialAction\":[{\"@type\":\"ReadAction\",\"target\":[\"https:\/\/novoglas.com\/fr\/produits\/\"]}]},{\"@type\":\"BreadcrumbList\",\"@id\":\"https:\/\/novoglas.com\/fr\/produits\/#breadcrumb\",\"itemListElement\":[{\"@type\":\"ListItem\",\"position\":1,\"name\":\"Startseite\",\"item\":\"https:\/\/novoglas.com\/\"},{\"@type\":\"ListItem\",\"position\":2,\"name\":\"Produits\"}]},{\"@type\":\"WebSite\",\"@id\":\"https:\/\/novoglas.com\/#website\",\"url\":\"https:\/\/novoglas.com\/\",\"name\":\"Novoglas\",\"description\":\"L\u00f6sungen aus Acrylglas, Plexiglas, Polycarbonat\",\"publisher\":{\"@id\":\"https:\/\/novoglas.com\/#organization\"},\"potentialAction\":[{\"@type\":\"SearchAction\",\"target\":{\"@type\":\"EntryPoint\",\"urlTemplate\":\"https:\/\/novoglas.com\/?s={search_term_string}\"},\"query-input\":{\"@type\":\"PropertyValueSpecification\",\"valueRequired\":true,\"valueName\":\"search_term_string\"}}],\"inLanguage\":\"fr-FR\"},{\"@type\":\"Organization\",\"@id\":\"https:\/\/novoglas.com\/#organization\",\"name\":\"Novoglas AG\",\"url\":\"https:\/\/novoglas.com\/\",\"logo\":{\"@type\":\"ImageObject\",\"inLanguage\":\"fr-FR\",\"@id\":\"https:\/\/novoglas.com\/#\/schema\/logo\/image\/\",\"url\":\"https:\/\/novoglas.com\/wp-content\/uploads\/2023\/03\/logo.svg\",\"contentUrl\":\"https:\/\/novoglas.com\/wp-content\/uploads\/2023\/03\/logo.svg\",\"width\":100,\"height\":100,\"caption\":\"Novoglas AG\"},\"image\":{\"@id\":\"https:\/\/novoglas.com\/#\/schema\/logo\/image\/\"},\"sameAs\":[\"https:\/\/www.facebook.com\/novoglas.ag\",\"https:\/\/www.linkedin.com\/company\/novoglas-ag\/\"]}]}<\/script>\n<!-- \/ Yoast SEO plugin. -->","yoast_head_json":{"title":"Produits - Novoglas","description":"Des produits parfaits pour votre entreprise.","robots":{"index":"index","follow":"follow","max-snippet":"max-snippet:-1","max-image-preview":"max-image-preview:large","max-video-preview":"max-video-preview:-1"},"canonical":"https:\/\/novoglas.com\/fr\/produits\/","og_locale":"fr_FR","og_type":"article","og_title":"Produits - Novoglas","og_description":"Des produits parfaits pour votre entreprise.","og_url":"https:\/\/novoglas.com\/fr\/produits\/","og_site_name":"Novoglas","article_publisher":"https:\/\/www.facebook.com\/novoglas.ag","article_modified_time":"2023-07-16T13:28:49+00:00","twitter_card":"summary_large_image","twitter_misc":{"Dur\u00e9e de lecture estim\u00e9e":"2 minutes"},"schema":{"@context":"https:\/\/schema.org","@graph":[{"@type":"WebPage","@id":"https:\/\/novoglas.com\/fr\/produits\/","url":"https:\/\/novoglas.com\/fr\/produits\/","name":"Produits - Novoglas","isPartOf":{"@id":"https:\/\/novoglas.com\/#website"},"datePublished":"2020-02-15T10:36:19+00:00","dateModified":"2023-07-16T13:28:49+00:00","description":"Des produits parfaits pour votre entreprise.","breadcrumb":{"@id":"https:\/\/novoglas.com\/fr\/produits\/#breadcrumb"},"inLanguage":"fr-FR","potentialAction":[{"@type":"ReadAction","target":["https:\/\/novoglas.com\/fr\/produits\/"]}]},{"@type":"BreadcrumbList","@id":"https:\/\/novoglas.com\/fr\/produits\/#breadcrumb","itemListElement":[{"@type":"ListItem","position":1,"name":"Startseite","item":"https:\/\/novoglas.com\/"},{"@type":"ListItem","position":2,"name":"Produits"}]},{"@type":"WebSite","@id":"https:\/\/novoglas.com\/#website","url":"https:\/\/novoglas.com\/","name":"Novoglas","description":"L\u00f6sungen aus Acrylglas, Plexiglas, Polycarbonat","publisher":{"@id":"https:\/\/novoglas.com\/#organization"},"potentialAction":[{"@type":"SearchAction","target":{"@type":"EntryPoint","urlTemplate":"https:\/\/novoglas.com\/?s={search_term_string}"},"query-input":{"@type":"PropertyValueSpecification","valueRequired":true,"valueName":"search_term_string"}}],"inLanguage":"fr-FR"},{"@type":"Organization","@id":"https:\/\/novoglas.com\/#organization","name":"Novoglas AG","url":"https:\/\/novoglas.com\/","logo":{"@type":"ImageObject","inLanguage":"fr-FR","@id":"https:\/\/novoglas.com\/#\/schema\/logo\/image\/","url":"https:\/\/novoglas.com\/wp-content\/uploads\/2023\/03\/logo.svg","contentUrl":"https:\/\/novoglas.com\/wp-content\/uploads\/2023\/03\/logo.svg","width":100,"height":100,"caption":"Novoglas AG"},"image":{"@id":"https:\/\/novoglas.com\/#\/schema\/logo\/image\/"},"sameAs":["https:\/\/www.facebook.com\/novoglas.ag","https:\/\/www.linkedin.com\/company\/novoglas-ag\/"]}]}},"_links":{"self":[{"href":"https:\/\/novoglas.com\/fr\/wp-json\/wp\/v2\/pages\/7185","targetHints":{"allow":["GET"]}}],"collection":[{"href":"https:\/\/novoglas.com\/fr\/wp-json\/wp\/v2\/pages"}],"about":[{"href":"https:\/\/novoglas.com\/fr\/wp-json\/wp\/v2\/types\/page"}],"author":[{"embeddable":true,"href":"https:\/\/novoglas.com\/fr\/wp-json\/wp\/v2\/users\/2"}],"replies":[{"embeddable":true,"href":"https:\/\/novoglas.com\/fr\/wp-json\/wp\/v2\/comments?post=7185"}],"version-history":[{"count":5,"href":"https:\/\/novoglas.com\/fr\/wp-json\/wp\/v2\/pages\/7185\/revisions"}],"predecessor-version":[{"id":8216,"href":"https:\/\/novoglas.com\/fr\/wp-json\/wp\/v2\/pages\/7185\/revisions\/8216"}],"wp:attachment":[{"href":"https:\/\/novoglas.com\/fr\/wp-json\/wp\/v2\/media?parent=7185"}],"curies":[{"name":"wp","href":"https:\/\/api.w.org\/{rel}","templated":true}]}}