{"id":7162,"date":"2023-03-29T09:24:43","date_gmt":"2023-03-29T09:24:43","guid":{"rendered":"https:\/\/novoglas.com\/impressum\/"},"modified":"2023-07-13T13:19:27","modified_gmt":"2023-07-13T13:19:27","slug":"mentions-legales","status":"publish","type":"page","link":"https:\/\/novoglas.com\/fr\/mentions-legales\/","title":{"rendered":"Mentions l\u00e9gales"},"content":{"rendered":"\t\t<div data-elementor-type=\"wp-page\" data-elementor-id=\"7162\" class=\"elementor elementor-7162 elementor-6196\" data-elementor-post-type=\"page\">\n\t\t\t\t\t\t<section class=\"elementor-section elementor-top-section elementor-element elementor-element-b94ef5c elementor-section-boxed elementor-section-height-default elementor-section-height-default\" data-id=\"b94ef5c\" data-element_type=\"section\">\n\t\t\t\t\t\t<div class=\"elementor-container elementor-column-gap-default\">\n\t\t\t\t\t<div class=\"elementor-column elementor-col-50 elementor-top-column elementor-element elementor-element-cbd67fb\" data-id=\"cbd67fb\" data-element_type=\"column\">\n\t\t\t<div class=\"elementor-widget-wrap elementor-element-populated\">\n\t\t\t\t\t\t<div class=\"elementor-element elementor-element-5ab4265 elementor-widget elementor-widget-heading\" data-id=\"5ab4265\" data-element_type=\"widget\" data-widget_type=\"heading.default\">\n\t\t\t\t<div class=\"elementor-widget-container\">\n\t\t\t\t\t<h2 class=\"elementor-heading-title elementor-size-default\">Impressum \/ Copyright<\/h2>\t\t\t\t<\/div>\n\t\t\t\t<\/div>\n\t\t\t\t<div class=\"elementor-element elementor-element-f63358f elementor-widget elementor-widget-spacer\" data-id=\"f63358f\" data-element_type=\"widget\" data-widget_type=\"spacer.default\">\n\t\t\t\t<div class=\"elementor-widget-container\">\n\t\t\t\t\t\t\t<div class=\"elementor-spacer\">\n\t\t\t<div class=\"elementor-spacer-inner\"><\/div>\n\t\t<\/div>\n\t\t\t\t\t\t<\/div>\n\t\t\t\t<\/div>\n\t\t\t\t<div class=\"elementor-element elementor-element-b99dcb9 elementor-widget elementor-widget-text-editor\" data-id=\"b99dcb9\" data-element_type=\"widget\" data-widget_type=\"text-editor.default\">\n\t\t\t\t<div class=\"elementor-widget-container\">\n\t\t\t\t\t\t\t\t\t<p><strong>Novoglas AG<br \/><\/strong>Durisolstrasse 10<br \/>CH-5612 Villmergen<\/p>\n<p>courrier : <a href=\"mailto:info@novoglas.com\">info@novoglas.com<\/a><br \/>T\u00e9l\u00e9phone : <a href=\"tel:+41566197000\">+41 56 619 70 00<\/a><\/p>\n<p>Directeur g\u00e9n\u00e9ral: Franko Keller<\/p>\n<p>Num\u00e9ro de l&rsquo;entreprise: CH-400.3.925.074-4<\/p>\n\t\t\t\t\t\t\t\t<\/div>\n\t\t\t\t<\/div>\n\t\t\t\t<div class=\"elementor-element elementor-element-686c017 elementor-widget elementor-widget-spacer\" data-id=\"686c017\" data-element_type=\"widget\" data-widget_type=\"spacer.default\">\n\t\t\t\t<div class=\"elementor-widget-container\">\n\t\t\t\t\t\t\t<div class=\"elementor-spacer\">\n\t\t\t<div class=\"elementor-spacer-inner\"><\/div>\n\t\t<\/div>\n\t\t\t\t\t\t<\/div>\n\t\t\t\t<\/div>\n\t\t\t\t<div class=\"elementor-element elementor-element-8a608bd elementor-widget elementor-widget-heading\" data-id=\"8a608bd\" data-element_type=\"widget\" data-widget_type=\"heading.default\">\n\t\t\t\t<div class=\"elementor-widget-container\">\n\t\t\t\t\t<h2 class=\"elementor-heading-title elementor-size-default\">Webmaster<\/h2>\t\t\t\t<\/div>\n\t\t\t\t<\/div>\n\t\t\t\t<div class=\"elementor-element elementor-element-8fa5099 elementor-widget elementor-widget-spacer\" data-id=\"8fa5099\" data-element_type=\"widget\" data-widget_type=\"spacer.default\">\n\t\t\t\t<div class=\"elementor-widget-container\">\n\t\t\t\t\t\t\t<div class=\"elementor-spacer\">\n\t\t\t<div class=\"elementor-spacer-inner\"><\/div>\n\t\t<\/div>\n\t\t\t\t\t\t<\/div>\n\t\t\t\t<\/div>\n\t\t\t\t<div class=\"elementor-element elementor-element-e688fe6 elementor-widget elementor-widget-text-editor\" data-id=\"e688fe6\" data-element_type=\"widget\" data-widget_type=\"text-editor.default\">\n\t\t\t\t<div class=\"elementor-widget-container\">\n\t\t\t\t\t\t\t\t\t<p>Responsable du contenu : <\/p>\n<p><strong>Novoglas AG<\/strong><br \/>Durisolstrasse 10<br \/>CH-5612 Villmergen<\/p>\n<p>Conseil, programmation et h\u00e9bergement de ce site web :<\/p>\n<p>Arizen GmbH<br \/>Hagenholzstrasse 81a<br \/>8050 Z\u00fcrich<\/p>\n<p><span style=\"background-color: rgba(255, 255, 255, 0); color: var(--the7-base-color); letter-spacing: var(--the7-base-letter-spacing); text-transform: var(--the7-base-text-transform); word-spacing: normal;\">Mail: <a href=\"mailto:hallo@arizen.agency\">hallo@arizen.agency<\/a><br \/>Webseite: <a href=\"https:\/\/arizen.agency\/\">www.arizen.agency<\/a><\/span><\/p>\n\t\t\t\t\t\t\t\t<\/div>\n\t\t\t\t<\/div>\n\t\t\t\t\t<\/div>\n\t\t<\/div>\n\t\t\t\t<div class=\"elementor-column elementor-col-50 elementor-top-column elementor-element elementor-element-11fdd99\" data-id=\"11fdd99\" data-element_type=\"column\">\n\t\t\t<div class=\"elementor-widget-wrap\">\n\t\t\t\t\t\t\t<\/div>\n\t\t<\/div>\n\t\t\t\t\t<\/div>\n\t\t<\/section>\n\t\t\t\t<\/div>\n\t\t","protected":false},"excerpt":{"rendered":"<p>Impressum \/ Copyright Novoglas AG Durisolstrasse 10 CH-5612 Villmergen courrier : info@novoglas.com T\u00e9l\u00e9phone : +41 56 619 70 00 Directeur g\u00e9n\u00e9ral: Franko Keller Num\u00e9ro de l&rsquo;entreprise: CH-400.3.925.074-4 Webmaster Responsable du contenu : Novoglas AG Durisolstrasse 10 CH-5612 Villmergen Conseil, programmation et h\u00e9bergement de ce site web : Arizen GmbH Hagenholzstrasse 81a 8050 Z\u00fcrich Mail: hallo@arizen.agency&hellip;<\/p>\n","protected":false},"author":2,"featured_media":0,"parent":0,"menu_order":0,"comment_status":"closed","ping_status":"closed","template":"","meta":{"footnotes":""},"class_list":["post-7162","page","type-page","status-publish","hentry"],"yoast_head":"<!-- This site is optimized with the Yoast SEO plugin v25.1 - https:\/\/yoast.com\/wordpress\/plugins\/seo\/ -->\n<title>Mentions l\u00e9gales - Novoglas<\/title>\n<meta name=\"description\" content=\"Vous trouverez ici les mentions l\u00e9gales de Novoglas SA.\" \/>\n<meta name=\"robots\" content=\"index, follow, max-snippet:-1, max-image-preview:large, max-video-preview:-1\" \/>\n<link rel=\"canonical\" href=\"https:\/\/novoglas.com\/fr\/mentions-legales\/\" \/>\n<meta property=\"og:locale\" content=\"fr_FR\" \/>\n<meta property=\"og:type\" content=\"article\" \/>\n<meta property=\"og:title\" content=\"Mentions l\u00e9gales - Novoglas\" \/>\n<meta property=\"og:description\" content=\"Vous trouverez ici les mentions l\u00e9gales de Novoglas SA.\" \/>\n<meta property=\"og:url\" content=\"https:\/\/novoglas.com\/fr\/mentions-legales\/\" \/>\n<meta property=\"og:site_name\" content=\"Novoglas\" \/>\n<meta property=\"article:publisher\" content=\"https:\/\/www.facebook.com\/novoglas.ag\" \/>\n<meta property=\"article:modified_time\" content=\"2023-07-13T13:19:27+00:00\" \/>\n<meta name=\"twitter:card\" content=\"summary_large_image\" \/>\n<meta name=\"twitter:label1\" content=\"Dur\u00e9e de lecture estim\u00e9e\" \/>\n\t<meta name=\"twitter:data1\" content=\"1 minute\" \/>\n<script type=\"application\/ld+json\" class=\"yoast-schema-graph\">{\"@context\":\"https:\/\/schema.org\",\"@graph\":[{\"@type\":\"WebPage\",\"@id\":\"https:\/\/novoglas.com\/fr\/mentions-legales\/\",\"url\":\"https:\/\/novoglas.com\/fr\/mentions-legales\/\",\"name\":\"Mentions l\u00e9gales - Novoglas\",\"isPartOf\":{\"@id\":\"https:\/\/novoglas.com\/#website\"},\"datePublished\":\"2023-03-29T09:24:43+00:00\",\"dateModified\":\"2023-07-13T13:19:27+00:00\",\"description\":\"Vous trouverez ici les mentions l\u00e9gales de Novoglas SA.\",\"breadcrumb\":{\"@id\":\"https:\/\/novoglas.com\/fr\/mentions-legales\/#breadcrumb\"},\"inLanguage\":\"fr-FR\",\"potentialAction\":[{\"@type\":\"ReadAction\",\"target\":[\"https:\/\/novoglas.com\/fr\/mentions-legales\/\"]}]},{\"@type\":\"BreadcrumbList\",\"@id\":\"https:\/\/novoglas.com\/fr\/mentions-legales\/#breadcrumb\",\"itemListElement\":[{\"@type\":\"ListItem\",\"position\":1,\"name\":\"Startseite\",\"item\":\"https:\/\/novoglas.com\/\"},{\"@type\":\"ListItem\",\"position\":2,\"name\":\"Mentions l\u00e9gales\"}]},{\"@type\":\"WebSite\",\"@id\":\"https:\/\/novoglas.com\/#website\",\"url\":\"https:\/\/novoglas.com\/\",\"name\":\"Novoglas\",\"description\":\"L\u00f6sungen aus Acrylglas, Plexiglas, Polycarbonat\",\"publisher\":{\"@id\":\"https:\/\/novoglas.com\/#organization\"},\"potentialAction\":[{\"@type\":\"SearchAction\",\"target\":{\"@type\":\"EntryPoint\",\"urlTemplate\":\"https:\/\/novoglas.com\/?s={search_term_string}\"},\"query-input\":{\"@type\":\"PropertyValueSpecification\",\"valueRequired\":true,\"valueName\":\"search_term_string\"}}],\"inLanguage\":\"fr-FR\"},{\"@type\":\"Organization\",\"@id\":\"https:\/\/novoglas.com\/#organization\",\"name\":\"Novoglas AG\",\"url\":\"https:\/\/novoglas.com\/\",\"logo\":{\"@type\":\"ImageObject\",\"inLanguage\":\"fr-FR\",\"@id\":\"https:\/\/novoglas.com\/#\/schema\/logo\/image\/\",\"url\":\"https:\/\/novoglas.com\/wp-content\/uploads\/2023\/03\/logo.svg\",\"contentUrl\":\"https:\/\/novoglas.com\/wp-content\/uploads\/2023\/03\/logo.svg\",\"width\":100,\"height\":100,\"caption\":\"Novoglas AG\"},\"image\":{\"@id\":\"https:\/\/novoglas.com\/#\/schema\/logo\/image\/\"},\"sameAs\":[\"https:\/\/www.facebook.com\/novoglas.ag\",\"https:\/\/www.linkedin.com\/company\/novoglas-ag\/\"]}]}<\/script>\n<!-- \/ Yoast SEO plugin. -->","yoast_head_json":{"title":"Mentions l\u00e9gales - Novoglas","description":"Vous trouverez ici les mentions l\u00e9gales de Novoglas SA.","robots":{"index":"index","follow":"follow","max-snippet":"max-snippet:-1","max-image-preview":"max-image-preview:large","max-video-preview":"max-video-preview:-1"},"canonical":"https:\/\/novoglas.com\/fr\/mentions-legales\/","og_locale":"fr_FR","og_type":"article","og_title":"Mentions l\u00e9gales - Novoglas","og_description":"Vous trouverez ici les mentions l\u00e9gales de Novoglas SA.","og_url":"https:\/\/novoglas.com\/fr\/mentions-legales\/","og_site_name":"Novoglas","article_publisher":"https:\/\/www.facebook.com\/novoglas.ag","article_modified_time":"2023-07-13T13:19:27+00:00","twitter_card":"summary_large_image","twitter_misc":{"Dur\u00e9e de lecture estim\u00e9e":"1 minute"},"schema":{"@context":"https:\/\/schema.org","@graph":[{"@type":"WebPage","@id":"https:\/\/novoglas.com\/fr\/mentions-legales\/","url":"https:\/\/novoglas.com\/fr\/mentions-legales\/","name":"Mentions l\u00e9gales - Novoglas","isPartOf":{"@id":"https:\/\/novoglas.com\/#website"},"datePublished":"2023-03-29T09:24:43+00:00","dateModified":"2023-07-13T13:19:27+00:00","description":"Vous trouverez ici les mentions l\u00e9gales de Novoglas SA.","breadcrumb":{"@id":"https:\/\/novoglas.com\/fr\/mentions-legales\/#breadcrumb"},"inLanguage":"fr-FR","potentialAction":[{"@type":"ReadAction","target":["https:\/\/novoglas.com\/fr\/mentions-legales\/"]}]},{"@type":"BreadcrumbList","@id":"https:\/\/novoglas.com\/fr\/mentions-legales\/#breadcrumb","itemListElement":[{"@type":"ListItem","position":1,"name":"Startseite","item":"https:\/\/novoglas.com\/"},{"@type":"ListItem","position":2,"name":"Mentions l\u00e9gales"}]},{"@type":"WebSite","@id":"https:\/\/novoglas.com\/#website","url":"https:\/\/novoglas.com\/","name":"Novoglas","description":"L\u00f6sungen aus Acrylglas, Plexiglas, Polycarbonat","publisher":{"@id":"https:\/\/novoglas.com\/#organization"},"potentialAction":[{"@type":"SearchAction","target":{"@type":"EntryPoint","urlTemplate":"https:\/\/novoglas.com\/?s={search_term_string}"},"query-input":{"@type":"PropertyValueSpecification","valueRequired":true,"valueName":"search_term_string"}}],"inLanguage":"fr-FR"},{"@type":"Organization","@id":"https:\/\/novoglas.com\/#organization","name":"Novoglas AG","url":"https:\/\/novoglas.com\/","logo":{"@type":"ImageObject","inLanguage":"fr-FR","@id":"https:\/\/novoglas.com\/#\/schema\/logo\/image\/","url":"https:\/\/novoglas.com\/wp-content\/uploads\/2023\/03\/logo.svg","contentUrl":"https:\/\/novoglas.com\/wp-content\/uploads\/2023\/03\/logo.svg","width":100,"height":100,"caption":"Novoglas AG"},"image":{"@id":"https:\/\/novoglas.com\/#\/schema\/logo\/image\/"},"sameAs":["https:\/\/www.facebook.com\/novoglas.ag","https:\/\/www.linkedin.com\/company\/novoglas-ag\/"]}]}},"_links":{"self":[{"href":"https:\/\/novoglas.com\/fr\/wp-json\/wp\/v2\/pages\/7162","targetHints":{"allow":["GET"]}}],"collection":[{"href":"https:\/\/novoglas.com\/fr\/wp-json\/wp\/v2\/pages"}],"about":[{"href":"https:\/\/novoglas.com\/fr\/wp-json\/wp\/v2\/types\/page"}],"author":[{"embeddable":true,"href":"https:\/\/novoglas.com\/fr\/wp-json\/wp\/v2\/users\/2"}],"replies":[{"embeddable":true,"href":"https:\/\/novoglas.com\/fr\/wp-json\/wp\/v2\/comments?post=7162"}],"version-history":[{"count":2,"href":"https:\/\/novoglas.com\/fr\/wp-json\/wp\/v2\/pages\/7162\/revisions"}],"predecessor-version":[{"id":8209,"href":"https:\/\/novoglas.com\/fr\/wp-json\/wp\/v2\/pages\/7162\/revisions\/8209"}],"wp:attachment":[{"href":"https:\/\/novoglas.com\/fr\/wp-json\/wp\/v2\/media?parent=7162"}],"curies":[{"name":"wp","href":"https:\/\/api.w.org\/{rel}","templated":true}]}}